{"id":979,"date":"2015-11-14T10:58:38","date_gmt":"2015-11-14T10:58:38","guid":{"rendered":"https:\/\/jasonpayne.ch\/jp\/?page_id=7"},"modified":"2019-11-29T16:09:52","modified_gmt":"2019-11-29T16:09:52","slug":"home","status":"publish","type":"page","link":"https:\/\/jasonpayne.ch\/jp\/home\/","title":{"rendered":"Home"},"content":{"rendered":"<p><div class=\"fusion-fullwidth fullwidth-box fusion-builder-row-1 nonhundred-percent-fullwidth non-hundred-percent-height-scrolling\" style=\"--awb-background-position:left top;--awb-border-radius-top-left:0px;--awb-border-radius-top-right:0px;--awb-border-radius-bottom-right:0px;--awb-border-radius-bottom-left:0px;--awb-padding-top:20px;--awb-padding-bottom:2.5%;--awb-border-sizes-top:0px;--awb-border-sizes-bottom:0px;--awb-flex-wrap:wrap;\" ><div class=\"fusion-builder-row fusion-row\"><div class=\"fusion-layout-column fusion_builder_column fusion-builder-column-0 fusion_builder_column_1_1 1_1 fusion-one-full fusion-column-first fusion-column-last\" style=\"--awb-padding-top:0%;--awb-padding-right:15%;--awb-padding-bottom:0%;--awb-padding-left:15%;--awb-bg-size:cover;\"><div class=\"fusion-column-wrapper fusion-flex-column-wrapper-legacy\"><div class=\"fusion-text fusion-text-1\"><h3 style=\"text-align: center;\">MOMENTE EINFANGEN<\/h3>\n<\/div><div class=\"fusion-text fusion-text-2\"><p style=\"text-align: center;\">Natur. Geb\u00e4ude. Fahrzeuge. St\u00e4dte. Str\u00e4nde. Tiere. W\u00fcsten.<br \/>\nDie Vielfalt. Unser Planet.<\/p>\n<\/div><div class=\"fusion-clearfix\"><\/div><\/div><\/div><\/div><\/div><div class=\"fusion-fullwidth fullwidth-box fusion-builder-row-2 hundred-percent-fullwidth non-hundred-percent-height-scrolling\" style=\"--awb-background-position:left top;--awb-border-radius-top-left:0px;--awb-border-radius-top-right:0px;--awb-border-radius-bottom-right:0px;--awb-border-radius-bottom-left:0px;--awb-padding-top:0px;--awb-padding-right:4%;--awb-padding-bottom:100px;--awb-padding-left:4%;--awb-border-sizes-top:0px;--awb-border-sizes-bottom:0px;--awb-flex-wrap:wrap;\" ><div class=\"fusion-builder-row fusion-row\"><div class=\"fusion-layout-column fusion_builder_column fusion-builder-column-1 fusion_builder_column_1_1 1_1 fusion-one-full fusion-column-first fusion-column-last fusion-column-no-min-height\" style=\"--awb-bg-size:cover;--awb-margin-bottom:0px;\"><div class=\"fusion-column-wrapper fusion-flex-column-wrapper-legacy\"><style type=\"text\/css\">.fusion-portfolio-wrapper#fusion-portfolio-1 .fusion-portfolio-content{ padding: 25px 25px 25px 25px; text-align: center; }<\/style><div class=\"fusion-recent-works fusion-portfolio-element fusion-portfolio fusion-portfolio-1 fusion-portfolio-grid fusion-portfolio-paging-none fusion-portfolio-four fusion-portfolio-boxed fusion-portfolio-text fusion-portfolio-rollover\" data-id=\"-rw-1\" data-columns=\"four\"><style type=\"text\/css\">.fusion-portfolio-1 .fusion-portfolio-wrapper .fusion-col-spacing{padding:20px;}<\/style><div class=\"fusion-portfolio-wrapper\" id=\"fusion-portfolio-1\" data-picturesize=\"auto\" data-pages=\"1\" style=\"margin:-20px;\"><article id=\"portfolio-1-post-1155\" class=\"fusion-portfolio-post landscape fusion-col-spacing post-1155\"><div class=\"fusion-portfolio-content-wrapper\" style=\"border:1px solid #212326;border-bottom-width:3px;background-color:rgba(33,35,38,1);\"><span class=\"vcard rich-snippet-hidden\"><span class=\"fn\"><a href=\"https:\/\/jasonpayne.ch\/jp\/author\/Admin_JP\/\" title=\"Beitr\u00e4ge von Admin_JP\" rel=\"author\">Admin_JP<\/a><\/span><\/span><span class=\"updated rich-snippet-hidden\">2020-04-21T13:28:17+00:00<\/span><div  class=\"fusion-image-wrapper\" aria-haspopup=\"true\">\n\t\t\t\t<img decoding=\"async\" width=\"2560\" height=\"1707\" src=\"https:\/\/jasonpayne.ch\/jp\/wp-content\/uploads\/2020\/04\/MG_8832-scaled.jpg\" class=\"attachment-full size-full wp-post-image\" alt=\"\" srcset=\"https:\/\/jasonpayne.ch\/jp\/wp-content\/uploads\/2020\/04\/MG_8832-200x133.jpg 200w, https:\/\/jasonpayne.ch\/jp\/wp-content\/uploads\/2020\/04\/MG_8832-400x267.jpg 400w, https:\/\/jasonpayne.ch\/jp\/wp-content\/uploads\/2020\/04\/MG_8832-600x400.jpg 600w, https:\/\/jasonpayne.ch\/jp\/wp-content\/uploads\/2020\/04\/MG_8832-800x533.jpg 800w, https:\/\/jasonpayne.ch\/jp\/wp-content\/uploads\/2020\/04\/MG_8832-1200x800.jpg 1200w, https:\/\/jasonpayne.ch\/jp\/wp-content\/uploads\/2020\/04\/MG_8832-scaled.jpg 2560w\" sizes=\"(min-width: 2200px) 100vw, (min-width: 1186px) 263px, (min-width: 1004px) 350px, (min-width: 822px) 525px, (min-width: 640px) 822px, \" \/><div class=\"fusion-rollover\">\n\t<div class=\"fusion-rollover-content\">\n\n\t\t\t\t\n\t\t\n\t\t\t\t\t\t\t\t\t\t\t\t<h4 class=\"fusion-rollover-title\">\n\t\t\t\t\t<a class=\"fusion-rollover-title-link\" href=\"https:\/\/jasonpayne.ch\/jp\/portfolio-items\/landscape-2\/\">\n\t\t\t\t\t\tLANDSCAPE\t\t\t\t\t<\/a>\n\t\t\t\t<\/h4>\n\t\t\t\n\t\t\t\t\t\t\t\t\n\t\t\n\t\t\t\t\t\t<a class=\"fusion-link-wrapper\" href=\"https:\/\/jasonpayne.ch\/jp\/portfolio-items\/landscape-2\/\" aria-label=\"LANDSCAPE\"><\/a>\n\t<\/div>\n<\/div>\n<\/div>\n<div class=\"fusion-portfolio-content\" style=\"background-color:rgba(33,35,38,1);\"><h2 class=\"entry-title fusion-post-title\"><a href=\"https:\/\/jasonpayne.ch\/jp\/portfolio-items\/landscape-2\/\">LANDSCAPE<\/a><\/h2><div class=\"fusion-post-content\"><\/div><\/div><\/div><\/article><article id=\"portfolio-1-post-148\" class=\"fusion-portfolio-post flowers fusion-col-spacing post-148\"><div class=\"fusion-portfolio-content-wrapper\" style=\"border:1px solid #212326;border-bottom-width:3px;background-color:rgba(33,35,38,1);\"><span class=\"vcard rich-snippet-hidden\"><span class=\"fn\"><a href=\"https:\/\/jasonpayne.ch\/jp\/author\/Admin_JP\/\" title=\"Beitr\u00e4ge von Admin_JP\" rel=\"author\">Admin_JP<\/a><\/span><\/span><span class=\"updated rich-snippet-hidden\">2020-04-21T13:10:25+00:00<\/span><div  class=\"fusion-image-wrapper\" aria-haspopup=\"true\">\n\t\t\t\t<img decoding=\"async\" width=\"2560\" height=\"1707\" src=\"https:\/\/jasonpayne.ch\/jp\/wp-content\/uploads\/2015\/11\/MG_3538-scaled.jpg\" class=\"attachment-full size-full wp-post-image\" alt=\"\" srcset=\"https:\/\/jasonpayne.ch\/jp\/wp-content\/uploads\/2015\/11\/MG_3538-200x133.jpg 200w, https:\/\/jasonpayne.ch\/jp\/wp-content\/uploads\/2015\/11\/MG_3538-400x267.jpg 400w, https:\/\/jasonpayne.ch\/jp\/wp-content\/uploads\/2015\/11\/MG_3538-600x400.jpg 600w, https:\/\/jasonpayne.ch\/jp\/wp-content\/uploads\/2015\/11\/MG_3538-800x533.jpg 800w, https:\/\/jasonpayne.ch\/jp\/wp-content\/uploads\/2015\/11\/MG_3538-1200x800.jpg 1200w, https:\/\/jasonpayne.ch\/jp\/wp-content\/uploads\/2015\/11\/MG_3538-scaled.jpg 2560w\" sizes=\"(min-width: 2200px) 100vw, (min-width: 1186px) 263px, (min-width: 1004px) 350px, (min-width: 822px) 525px, (min-width: 640px) 822px, \" \/><div class=\"fusion-rollover\">\n\t<div class=\"fusion-rollover-content\">\n\n\t\t\t\t\n\t\t\n\t\t\t\t\t\t\t\t\t\t\t\t<h4 class=\"fusion-rollover-title\">\n\t\t\t\t\t<a class=\"fusion-rollover-title-link\" href=\"https:\/\/jasonpayne.ch\/jp\/portfolio-items\/landscape\/\">\n\t\t\t\t\t\tFLOWERS\t\t\t\t\t<\/a>\n\t\t\t\t<\/h4>\n\t\t\t\n\t\t\t\t\t\t\t\t\n\t\t\n\t\t\t\t\t\t<a class=\"fusion-link-wrapper\" href=\"https:\/\/jasonpayne.ch\/jp\/portfolio-items\/landscape\/\" aria-label=\"FLOWERS\"><\/a>\n\t<\/div>\n<\/div>\n<\/div>\n<div class=\"fusion-portfolio-content\" style=\"background-color:rgba(33,35,38,1);\"><h2 class=\"entry-title fusion-post-title\"><a href=\"https:\/\/jasonpayne.ch\/jp\/portfolio-items\/landscape\/\">FLOWERS<\/a><\/h2><div class=\"fusion-post-content\"><\/div><\/div><\/div><\/article><article id=\"portfolio-1-post-146\" class=\"fusion-portfolio-post animals fusion-col-spacing post-146\"><div class=\"fusion-portfolio-content-wrapper\" style=\"border:1px solid #212326;border-bottom-width:3px;background-color:rgba(33,35,38,1);\"><span class=\"vcard rich-snippet-hidden\"><span class=\"fn\"><a href=\"https:\/\/jasonpayne.ch\/jp\/author\/Admin_JP\/\" title=\"Beitr\u00e4ge von Admin_JP\" rel=\"author\">Admin_JP<\/a><\/span><\/span><span class=\"updated rich-snippet-hidden\">2020-04-21T13:08:34+00:00<\/span><div  class=\"fusion-image-wrapper\" aria-haspopup=\"true\">\n\t\t\t\t<img decoding=\"async\" width=\"2560\" height=\"1707\" src=\"https:\/\/jasonpayne.ch\/jp\/wp-content\/uploads\/2015\/11\/MG_3506-scaled.jpg\" class=\"attachment-full size-full wp-post-image\" alt=\"\" srcset=\"https:\/\/jasonpayne.ch\/jp\/wp-content\/uploads\/2015\/11\/MG_3506-200x133.jpg 200w, https:\/\/jasonpayne.ch\/jp\/wp-content\/uploads\/2015\/11\/MG_3506-400x267.jpg 400w, https:\/\/jasonpayne.ch\/jp\/wp-content\/uploads\/2015\/11\/MG_3506-600x400.jpg 600w, https:\/\/jasonpayne.ch\/jp\/wp-content\/uploads\/2015\/11\/MG_3506-800x533.jpg 800w, https:\/\/jasonpayne.ch\/jp\/wp-content\/uploads\/2015\/11\/MG_3506-1200x800.jpg 1200w, https:\/\/jasonpayne.ch\/jp\/wp-content\/uploads\/2015\/11\/MG_3506-scaled.jpg 2560w\" sizes=\"(min-width: 2200px) 100vw, (min-width: 1186px) 263px, (min-width: 1004px) 350px, (min-width: 822px) 525px, (min-width: 640px) 822px, \" \/><div class=\"fusion-rollover\">\n\t<div class=\"fusion-rollover-content\">\n\n\t\t\t\t\n\t\t\n\t\t\t\t\t\t\t\t\t\t\t\t<h4 class=\"fusion-rollover-title\">\n\t\t\t\t\t<a class=\"fusion-rollover-title-link\" href=\"https:\/\/jasonpayne.ch\/jp\/portfolio-items\/lifestyle\/\">\n\t\t\t\t\t\tANIMALS\t\t\t\t\t<\/a>\n\t\t\t\t<\/h4>\n\t\t\t\n\t\t\t\t\t\t\t\t\n\t\t\n\t\t\t\t\t\t<a class=\"fusion-link-wrapper\" href=\"https:\/\/jasonpayne.ch\/jp\/portfolio-items\/lifestyle\/\" aria-label=\"ANIMALS\"><\/a>\n\t<\/div>\n<\/div>\n<\/div>\n<div class=\"fusion-portfolio-content\" style=\"background-color:rgba(33,35,38,1);\"><h2 class=\"entry-title fusion-post-title\"><a href=\"https:\/\/jasonpayne.ch\/jp\/portfolio-items\/lifestyle\/\">ANIMALS<\/a><\/h2><div class=\"fusion-post-content\"><\/div><\/div><\/div><\/article><\/div><\/div><div class=\"fusion-clearfix\"><\/div><\/div><\/div><\/div><\/div><\/p>\n","protected":false},"excerpt":{"rendered":"","protected":false},"author":1,"featured_media":0,"parent":0,"menu_order":0,"comment_status":"closed","ping_status":"closed","template":"100-width.php","meta":{"footnotes":""},"class_list":["post-979","page","type-page","status-publish","hentry"],"_links":{"self":[{"href":"https:\/\/jasonpayne.ch\/jp\/wp-json\/wp\/v2\/pages\/979","targetHints":{"allow":["GET"]}}],"collection":[{"href":"https:\/\/jasonpayne.ch\/jp\/wp-json\/wp\/v2\/pages"}],"about":[{"href":"https:\/\/jasonpayne.ch\/jp\/wp-json\/wp\/v2\/types\/page"}],"author":[{"embeddable":true,"href":"https:\/\/jasonpayne.ch\/jp\/wp-json\/wp\/v2\/users\/1"}],"replies":[{"embeddable":true,"href":"https:\/\/jasonpayne.ch\/jp\/wp-json\/wp\/v2\/comments?post=979"}],"version-history":[{"count":3,"href":"https:\/\/jasonpayne.ch\/jp\/wp-json\/wp\/v2\/pages\/979\/revisions"}],"predecessor-version":[{"id":1061,"href":"https:\/\/jasonpayne.ch\/jp\/wp-json\/wp\/v2\/pages\/979\/revisions\/1061"}],"wp:attachment":[{"href":"https:\/\/jasonpayne.ch\/jp\/wp-json\/wp\/v2\/media?parent=979"}],"curies":[{"name":"wp","href":"https:\/\/api.w.org\/{rel}","templated":true}]}}